{"id":97,"date":"2024-10-23T02:53:36","date_gmt":"2024-10-23T02:53:36","guid":{"rendered":"https:\/\/julianulloa.iemtapolicarpasalavarrieta.cloud\/?page_id=97"},"modified":"2024-10-23T02:55:50","modified_gmt":"2024-10-23T02:55:50","slug":"de-donde-vengo-y-mis-destrezas","status":"publish","type":"page","link":"https:\/\/julianulloa.iemtapolicarpasalavarrieta.cloud\/index.php\/de-donde-vengo-y-mis-destrezas\/","title":{"rendered":"de donde vengo y mis destrezas"},"content":{"rendered":"\n<p>Me encanta escribir y leer, es como mi escape de la realidad. Puedo pasar horas leyendo sobre filosof\u00eda, literatura o simplemente cualquier cosa que me llame la atenci\u00f3n. Tambi\u00e9n soy un aficionado a la m\u00fasica, me gusta escuchar diferentes g\u00e9neros y descubrir nuevos artistas. Y, por supuesto, no puedo vivir sin mi dosis diaria de humor raro.Soy una persona curiosa por naturaleza, siempre estoy buscando aprender algo nuevo. Me gusta debatir y discutir temas de actualidad con mis amigos, y siempre estoy dispuesto a escuchar y aprender de los dem\u00e1s. La tecnolog\u00eda tambi\u00e9n es una de mis pasiones, me encanta explorar nuevas herramientas y aplicaciones. <\/p>\n\n\n\n<p>Apellido originario de Galicia, m\u00e1s concretamente del R\u00edo Ulla. Usado por cristianos y jud\u00edos. De uso corriente entre los conversos, como lo atestiguan las listas de la Inquisici\u00f3n y la Iglesia.<\/p>\n\n\n\n<p>UlloaLa mayor parte de los linajes cuya antig\u00fcedad se remonta a muy pret\u00e9ritos tiempos presentan evidentes dificultades (insuperables en la mayor\u00eda de los casos) para describir su origen y fijar a su primitivo fundador, debido a las contradicciones en que incurren los historiadores y genealogistas que intentaron lograr tan problem\u00e1tico esclarecimiento. Es l\u00f3gico que as\u00ed suceda. Densas oscuridades envuelven lo que el paso de siglos y siglos fue dejando atr\u00e1s, y muy principalmente cuando lo que se trata de esclarecer no son hechos hist\u00f3ricos de acusado relieve, sino los que por su limitado inter\u00e9s y peculiar car\u00e1cter no tuvieron resonancias que hicieran perdurar su memoria.Este apellido de Ulloa, en raz\u00f3n de su mucha antig\u00fcedad, no pod\u00eda ser ajeno a las dificultades apuntadas, y de ah\u00ed las diversas opiniones que se encuentran sobre su origen y primitivo desenvolvimiento, algunas de ellas a todas luces fabulosas.En antiguas cr\u00f3nicas se lee que esta estirpe desciende de los Reyes de Troya y que su casa fue fundada, nada menos, que en el a\u00f1o 1161 antes de Jesucristo. El Obispo de Orense, D. Servando, que floreci\u00f3 en fines del siglo VII y principios del VIII, dice en su obra &#8220;Summarium de antiquis nobilibus gallacie familiis&#8221; que el solar de Ulloa era el palacio de la Infanta Ulia, hermano de Laomedonte, Rey de Troya, quien al llegar derrotado a Galicia fund\u00f3 Castro Ili\u00f3n junto a Iria Flavia, que hoy es Compostela.Otros genealogistas afirman que procede de los antiguos condados de Trava y Tratamara, en Galicia, y que tom\u00f3 el nombre del r\u00edo Ulla que corre al pie de una eminencia, donde luego fueron creados el estado y casa de Villamayor de Ulloa.Y otros, entre ellos D. Jos\u00e9 Pellicer, precisan con mayor detalle tal ascendencia, manifestando que el primer Se\u00f1or de Ulloa y primero as\u00ed llamado, fue Lope Ruiz de Ulloa, hijo de Rodrigo Frolaz o Fern\u00e1ndez, y nieto de Fruela o Fernando P\u00e9rez, Conde de Trava, que muri\u00f3 en la desdichada batalla de Santoren, a\u00f1o 1071, en uni\u00f3n de su padre Pedro Fruela, que tambi\u00e9n tuvo la dignidad de Conde y era Ayo del Rey D. Garc\u00eda de Galicia. El mencionado Lope Ruiz de Ulloa cas\u00f3 con D\u00f1a. Teresa Fern\u00e1ndez de Trava (llamada por algunos Gontroda P\u00e9rez de Trava), descendiendo de ambos esposos los Ulloa<\/p>\n\n\n\n<figure class=\"wp-block-image size-full\"><img loading=\"lazy\" decoding=\"async\" width=\"720\" height=\"868\" src=\"https:\/\/julianulloa.iemtapolicarpasalavarrieta.cloud\/wp-content\/uploads\/2024\/10\/Screenshot_20241022-215256.jpg\" alt=\"\" class=\"wp-image-98\" srcset=\"https:\/\/julianulloa.iemtapolicarpasalavarrieta.cloud\/wp-content\/uploads\/2024\/10\/Screenshot_20241022-215256.jpg 720w, https:\/\/julianulloa.iemtapolicarpasalavarrieta.cloud\/wp-content\/uploads\/2024\/10\/Screenshot_20241022-215256-249x300.jpg 249w\" sizes=\"(max-width: 720px) 100vw, 720px\" \/><\/figure>\n\n\n\n<div class=\"wp-block-buttons is-layout-flex wp-block-buttons-is-layout-flex\">\n<div class=\"wp-block-button\"><a class=\"wp-block-button__link wp-element-button\"> <\/a><\/div>\n<\/div>\n","protected":false},"excerpt":{"rendered":"<p>Me encanta escribir y leer, es como mi escape de la realidad. Puedo pasar horas leyendo sobre filosof\u00eda, literatura o simplemente cualquier cosa que me llame la atenci\u00f3n. Tambi\u00e9n soy un aficionado a la m\u00fasica, me gusta escuchar diferentes g\u00e9neros y descubrir nuevos artistas. Y, por supuesto, no puedo vivir sin mi dosis diaria de &#8230; <a href=\"https:\/\/julianulloa.iemtapolicarpasalavarrieta.cloud\/index.php\/de-donde-vengo-y-mis-destrezas\/\" class=\"more-link\">Read More<span class=\"screen-reader-text\"> &#8220;de donde vengo y mis destrezas&#8221;<\/span> &raquo;<\/a><\/p>\n","protected":false},"author":1,"featured_media":0,"parent":0,"menu_order":0,"comment_status":"closed","ping_status":"closed","template":"","meta":{"footnotes":""},"_links":{"self":[{"href":"https:\/\/julianulloa.iemtapolicarpasalavarrieta.cloud\/index.php\/wp-json\/wp\/v2\/pages\/97"}],"collection":[{"href":"https:\/\/julianulloa.iemtapolicarpasalavarrieta.cloud\/index.php\/wp-json\/wp\/v2\/pages"}],"about":[{"href":"https:\/\/julianulloa.iemtapolicarpasalavarrieta.cloud\/index.php\/wp-json\/wp\/v2\/types\/page"}],"author":[{"embeddable":true,"href":"https:\/\/julianulloa.iemtapolicarpasalavarrieta.cloud\/index.php\/wp-json\/wp\/v2\/users\/1"}],"replies":[{"embeddable":true,"href":"https:\/\/julianulloa.iemtapolicarpasalavarrieta.cloud\/index.php\/wp-json\/wp\/v2\/comments?post=97"}],"version-history":[{"count":1,"href":"https:\/\/julianulloa.iemtapolicarpasalavarrieta.cloud\/index.php\/wp-json\/wp\/v2\/pages\/97\/revisions"}],"predecessor-version":[{"id":99,"href":"https:\/\/julianulloa.iemtapolicarpasalavarrieta.cloud\/index.php\/wp-json\/wp\/v2\/pages\/97\/revisions\/99"}],"wp:attachment":[{"href":"https:\/\/julianulloa.iemtapolicarpasalavarrieta.cloud\/index.php\/wp-json\/wp\/v2\/media?parent=97"}],"curies":[{"name":"wp","href":"https:\/\/api.w.org\/{rel}","templated":true}]}}