{"id":42,"date":"2024-10-23T00:30:53","date_gmt":"2024-10-23T00:30:53","guid":{"rendered":"https:\/\/julianulloa.iemtapolicarpasalavarrieta.cloud\/?page_id=42"},"modified":"2024-10-23T02:04:37","modified_gmt":"2024-10-23T02:04:37","slug":"julian-david-ulloa-angel","status":"publish","type":"page","link":"https:\/\/julianulloa.iemtapolicarpasalavarrieta.cloud\/index.php\/julian-david-ulloa-angel\/","title":{"rendered":"Juli\u00e1n David Ulloa \u00c1ngel"},"content":{"rendered":"\n<p>Holiiii soy Juli\u00e1n o mi apodo m\u00e1s utilizado es burrito algo que me encanta que me digan.\ud83d\udc9c\ud83d\udc9c\ud83d\udc9c<\/p>\n\n\n\n<p>Soy un colombiano de 15 a\u00f1os,nac\u00ed el 25 de diciembre del 2008,soy un estudiante  del colegio Policarpa Salavarrieta en Facatativa, Cundinamarca. Me apasiona leer y escribir, y considero que son habilidades que me permiten expresarme y conectar con los dem\u00e1s de manera \u00fanica. Mi g\u00e9nero de libro es el gore y el suspenso o misterios,Actualmente estoy cursando el grado d\u00e9cimo y soy de 1002,y estoy decidido a terminar mi bachillerato con excelencia como siempre me lo propongo.<\/p>\n\n\n\n<p>He obtenido varios reconocimientos en mi colegio, incluyendo cuatro excelencias y diplomas en filosof\u00eda por participaciones en encuentros sobre Kant. Me gusta ayudar a las personas y creo que es fundamental ser una buena persona para hacer una diferencia en el mundo,quiero dejar un legado respetable y unico en mi pa\u00eds. En mi tiempo libre, disfruto escuchando m\u00fasica, compartiendo con mis mejores amigos,Laura e Iv\u00e1n y riendo con humor raro.no digo mi tipo de humor porque es muy ramdom jeje.<\/p>\n\n\n\n<p>Mi objetivo principal es terminar mi bachillerato con honores y luego estudiar Contadur\u00eda P\u00fablica en una universidad de prestigio fuera de este pa\u00eds ya que siento que puedo dar m\u00e1s en otros pa\u00edses,Quiero ser una persona exitosa y feliz dentro de mi contexto, y tambi\u00e9n quiero representar a mi pa\u00eds en eventos importantes. Mi sue\u00f1o es ser millonario, no solo por la riqueza material que es algo fundamental para mi, sino tambi\u00e9n por la riqueza emocional y espiritual que quiero compartir con los m\u00edos\ud83c\udf0e\ud83c\udf0e\ud83c\udf0e.<\/p>\n\n\n\n<p>Soy una persona divertida y aut\u00e9ntica que siempre est\u00e1 dispuesta a aprender y crecer. Me encanta compartir con mis amigos y familiares, y creo que la risa y el amor son fundamentales para una vida feliz.mi frase representativa en este mundo son dos&#8221;in This World It&#8217;s Just Us \ud83d\udc9c&#8221;que es una frase hermosa que la utilizo de forma amigable y la otra es &#8220;soy tan perfecto que hasta la lluvia cae ante m\u00ed&#8221;<\/p>\n","protected":false},"excerpt":{"rendered":"<p>Holiiii soy Juli\u00e1n o mi apodo m\u00e1s utilizado es burrito algo que me encanta que me digan.\ud83d\udc9c\ud83d\udc9c\ud83d\udc9c Soy un colombiano de 15 a\u00f1os,nac\u00ed el 25 de diciembre del 2008,soy un estudiante del colegio Policarpa Salavarrieta en Facatativa, Cundinamarca. Me apasiona leer y escribir, y considero que son habilidades que me permiten expresarme y conectar con &#8230; <a href=\"https:\/\/julianulloa.iemtapolicarpasalavarrieta.cloud\/index.php\/julian-david-ulloa-angel\/\" class=\"more-link\">Read More<span class=\"screen-reader-text\"> &#8220;Juli\u00e1n David Ulloa \u00c1ngel&#8221;<\/span> &raquo;<\/a><\/p>\n","protected":false},"author":1,"featured_media":0,"parent":0,"menu_order":0,"comment_status":"closed","ping_status":"closed","template":"","meta":{"footnotes":""},"_links":{"self":[{"href":"https:\/\/julianulloa.iemtapolicarpasalavarrieta.cloud\/index.php\/wp-json\/wp\/v2\/pages\/42"}],"collection":[{"href":"https:\/\/julianulloa.iemtapolicarpasalavarrieta.cloud\/index.php\/wp-json\/wp\/v2\/pages"}],"about":[{"href":"https:\/\/julianulloa.iemtapolicarpasalavarrieta.cloud\/index.php\/wp-json\/wp\/v2\/types\/page"}],"author":[{"embeddable":true,"href":"https:\/\/julianulloa.iemtapolicarpasalavarrieta.cloud\/index.php\/wp-json\/wp\/v2\/users\/1"}],"replies":[{"embeddable":true,"href":"https:\/\/julianulloa.iemtapolicarpasalavarrieta.cloud\/index.php\/wp-json\/wp\/v2\/comments?post=42"}],"version-history":[{"count":1,"href":"https:\/\/julianulloa.iemtapolicarpasalavarrieta.cloud\/index.php\/wp-json\/wp\/v2\/pages\/42\/revisions"}],"predecessor-version":[{"id":43,"href":"https:\/\/julianulloa.iemtapolicarpasalavarrieta.cloud\/index.php\/wp-json\/wp\/v2\/pages\/42\/revisions\/43"}],"wp:attachment":[{"href":"https:\/\/julianulloa.iemtapolicarpasalavarrieta.cloud\/index.php\/wp-json\/wp\/v2\/media?parent=42"}],"curies":[{"name":"wp","href":"https:\/\/api.w.org\/{rel}","templated":true}]}}