{"id":32,"date":"2024-03-22T12:41:00","date_gmt":"2024-03-22T12:41:00","guid":{"rendered":"https:\/\/julianulloa.iemtapolicarpasalavarrieta.cloud\/?page_id=32"},"modified":"2024-04-03T12:21:50","modified_gmt":"2024-04-03T12:21:50","slug":"curriculum-vitae","status":"publish","type":"page","link":"https:\/\/julianulloa.iemtapolicarpasalavarrieta.cloud\/index.php\/curriculum-vitae\/","title":{"rendered":"Curriculum Vitae"},"content":{"rendered":"\n<p>Nombre:<\/p>\n\n\n\n<p>JULIAN DAVID ULLOA ANGEL<\/p>\n\n\n\n<p>Correo electr\u00f3nico:<\/p>\n\n\n\n<p>ulloajulian119@gmail.com <\/p>\n\n\n\n<p>Telefono:<\/p>\n\n\n\n<p>3209965233<\/p>\n\n\n\n<p>URL Facebook https:\/\/www.facebook.com\/profile.php?id=100088884464850&amp;mibextid=ZbWKwL<\/p>\n\n\n\n<p>Ubicacion:<\/p>\n\n\n\n<p>Facatativ\u00e1-Colombia<\/p>\n\n\n\n<p>Objetivo profesional:<\/p>\n\n\n\n<p>Como estudiante de grado 10, mi objetivo es participar en actividades extracurriculares que me permitan desarrollar mis habilidades en ciencias y tecnolog\u00eda. Adem\u00e1s, me esforzar\u00e9 por mantener un buen rendimiento acad\u00e9mico para asegurar una base s\u00f3lida que me prepare para tomar decisiones informadas sobre mi futuro universitario una vez haya culminado mis estudios en el colegio.mis conocimientos me preparan para una vida laboral e internacional equitativa donde mi aprendizaje se ver\u00e1 solidificado,aprobado y certificado en el mercado laboral y social para as\u00ed ver un futuro lleno de grandes experiencias y vivencias donde logre mejorar la sociedad en la que vivo y en la que estoy rodeado diariamente, ese es mi objetivo propio y profesional. <\/p>\n\n\n\n<p><font style=\"vertical-align: inherit;\"><font style=\"vertical-align: inherit;\">Formaci\u00f3n<\/font><\/font> Acad\u00e9mica<font style=\"vertical-align: inherit;\"><font style=\"vertical-align: inherit;\">:<\/font><\/font><\/p>\n\n\n\n<p>T\u00e9cnico En Sistemas Agropecuarios Ecol\u00f3gicos del SENA<\/p>\n\n\n\n<p>Germinador<\/p>\n\n\n\n<p>Productor de Pl\u00e1ntulas Y semillas <\/p>\n\n\n\n<p>Cultivador de diversos alimentos vegetales<\/p>\n\n\n\n<p>T\u00e9cnico en Gastronom\u00eda Colombiana <\/p>\n\n\n\n<p>investigador comercial alimenticia<\/p>\n\n\n\n<p>Profesional en bioseguridad alimentaria<\/p>\n\n\n\n<p>productor agropecuario<\/p>\n\n\n\n<p><font style=\"vertical-align: inherit;\"><font style=\"vertical-align: inherit;\">Profesional en ornamentaci\u00f3n, decoraci\u00f3n y etiqueta gastron\u00f3mica.<\/font><\/font><\/p>\n\n\n\n<p>Experiencia laboral:<\/p>\n\n\n\n<p>Como estudiante de grado 10, he tenido la oportunidad de participar en ferias de venta y vender productos de manera familiar. Esta experiencia laboral ha sido muy enriquecedora para m\u00ed, ya que me ha permitido desarrollar habilidades de comunicaci\u00f3n, negociaci\u00f3n y trabajo en equipo. Adem\u00e1s, he aprendido a gestionar el dinero y a interactuar con clientes de diferentes tipos, lo que me ha brindado una visi\u00f3n m\u00e1s amplia del mundo laboral y me ha ayudado a crecer personal y profesionalmente. Estoy emocionado por seguir aprendiendo y creciendo en futuras oportunidades laborales.Recientemente, he tenido la oportunidad de vender productos junto a mi familia, lo que me ha dado una perspectiva \u00fanica sobre el trabajo en equipo y la gesti\u00f3n de un peque\u00f1o negocio. Esta experiencia me ha ense\u00f1ado la importancia del compromiso, la responsabilidad y la perseverancia en el entorno laboral. Adem\u00e1s, he adquirido habilidades pr\u00e1cticas como el manejo del inventario, la atenci\u00f3n al cliente y la promoci\u00f3n de productos. Estoy agradecido por estas experiencias, ya que s\u00e9 que me ser\u00e1n de gran utilidad en mi futuro profesional.<\/p>\n\n\n\n<p>Habilidades y competencias:<\/p>\n\n\n\n<p>C\u00f3mo estudiante de grado 10 de 15 a\u00f1os, considero que tengo habilidades s\u00f3lidas en la resoluci\u00f3n de problemas, la creatividad y la capacidad de trabajar en equipo. He demostrado ser un pensador cr\u00edtico en el aula, abordando desaf\u00edos acad\u00e9micos con determinaci\u00f3n y buscando soluciones innovadoras. Adem\u00e1s, mi participaci\u00f3n en actividades extracurriculares me ha brindado la oportunidad de desarrollar habilidades de liderazgo y comunicaci\u00f3n que me han permitido colaborar efectivamente con mis compa\u00f1eros.Adem\u00e1s, considero que poseo una fuerte \u00e9tica laboral y una actitud proactiva hacia el aprendizaje. Mi capacidad para adaptarme a nuevas situaciones y mi disposici\u00f3n para asumir responsabilidades adicionales me han ayudado a destacar en diferentes entornos. Estoy comprometido a seguir desarrollando mis habilidades y competencias para alcanzar mis metas acad\u00e9micas y profesionales a futuro.<\/p>\n\n\n\n<p>certificaciones y cursos adicionales:<\/p>\n\n\n\n<p>Curso corto y de formaci\u00f3n complementaria en Gastronom\u00eda colombiana del SENA<\/p>\n\n\n\n<p>referencias:<\/p>\n\n\n\n<p>Como estudiante de grado 10 y con 15 a\u00f1os, comprendo que a\u00fan no cuento con referencias laborales formales. En esta etapa de mi vida, mis logros acad\u00e9micos, participaci\u00f3n en actividades extracurriculares y proyectos personales son las principales pruebas de mis habilidades y compromiso. A medida que contin\u00fae avanzando en mi educaci\u00f3n y futuras oportunidades, estoy seguro de que ir\u00e9 acumulando referencias relevantes.<\/p>\n\n\n\n<p><\/p>\n","protected":false},"excerpt":{"rendered":"<p>Nombre: JULIAN DAVID ULLOA ANGEL Correo electr\u00f3nico: ulloajulian119@gmail.com Telefono: 3209965233 URL Facebook https:\/\/www.facebook.com\/profile.php?id=100088884464850&amp;mibextid=ZbWKwL Ubicacion: Facatativ\u00e1-Colombia Objetivo profesional: Como estudiante de grado 10, mi objetivo es participar en actividades extracurriculares que me permitan desarrollar mis habilidades en ciencias y tecnolog\u00eda. Adem\u00e1s, me esforzar\u00e9 por mantener un buen rendimiento acad\u00e9mico para asegurar una base s\u00f3lida que me &#8230; <a href=\"https:\/\/julianulloa.iemtapolicarpasalavarrieta.cloud\/index.php\/curriculum-vitae\/\" class=\"more-link\">Read More<span class=\"screen-reader-text\"> &#8220;Curriculum Vitae&#8221;<\/span> &raquo;<\/a><\/p>\n","protected":false},"author":1,"featured_media":0,"parent":0,"menu_order":0,"comment_status":"closed","ping_status":"closed","template":"","meta":{"footnotes":""},"_links":{"self":[{"href":"https:\/\/julianulloa.iemtapolicarpasalavarrieta.cloud\/index.php\/wp-json\/wp\/v2\/pages\/32"}],"collection":[{"href":"https:\/\/julianulloa.iemtapolicarpasalavarrieta.cloud\/index.php\/wp-json\/wp\/v2\/pages"}],"about":[{"href":"https:\/\/julianulloa.iemtapolicarpasalavarrieta.cloud\/index.php\/wp-json\/wp\/v2\/types\/page"}],"author":[{"embeddable":true,"href":"https:\/\/julianulloa.iemtapolicarpasalavarrieta.cloud\/index.php\/wp-json\/wp\/v2\/users\/1"}],"replies":[{"embeddable":true,"href":"https:\/\/julianulloa.iemtapolicarpasalavarrieta.cloud\/index.php\/wp-json\/wp\/v2\/comments?post=32"}],"version-history":[{"count":3,"href":"https:\/\/julianulloa.iemtapolicarpasalavarrieta.cloud\/index.php\/wp-json\/wp\/v2\/pages\/32\/revisions"}],"predecessor-version":[{"id":39,"href":"https:\/\/julianulloa.iemtapolicarpasalavarrieta.cloud\/index.php\/wp-json\/wp\/v2\/pages\/32\/revisions\/39"}],"wp:attachment":[{"href":"https:\/\/julianulloa.iemtapolicarpasalavarrieta.cloud\/index.php\/wp-json\/wp\/v2\/media?parent=32"}],"curies":[{"name":"wp","href":"https:\/\/api.w.org\/{rel}","templated":true}]}}